{"id":556,"date":"2020-11-05T18:58:08","date_gmt":"2020-11-05T18:58:08","guid":{"rendered":"http:\/\/purelysigga.com\/?page_id=556"},"modified":"2020-11-05T18:58:08","modified_gmt":"2020-11-05T18:58:08","slug":"vafrakokustefna","status":"publish","type":"page","link":"https:\/\/purelysigga.com\/is\/vafrakokustefna\/","title":{"rendered":"Vafrak\u00f6kustefna"},"content":{"rendered":"<p>\u00cd samr\u00e6mi vi\u00f0 gildandi l\u00f6g uppl\u00fdsum vi\u00f0 h\u00e9r hvernig vafrak\u00f6kur eru nota\u00f0ar \u00e1 vefsv\u00e6\u00f0i okkar purelysigga.com<\/p>\n<h2>Hva\u00f0 eru vafrak\u00f6kur?<\/h2>\n<p>Vafrak\u00f6kur (cookies) eru uppl\u00fdsingaforrit sem vafraforrit vista \u00e1 notendat\u00f6lvum og snjallt\u00e6kjum. \u00de\u00e6r hafa \u00e1kve\u00f0i\u00f0 gildist\u00edmabil og renna \u00fat af \u00fev\u00ed loknu. Vafrak\u00f6kur geta geymt uppl\u00fdsingar um t\u00f6lfr\u00e6\u00f0i og stillingar notanda svo d\u00e6mi s\u00e9 teki\u00f0, en geyma ekki pers\u00f3nuuppl\u00fdsingar eins og nafn, kennit\u00f6lu, netfang e\u00f0a s\u00edman\u00famer.<\/p>\n<h2>Af hverju notum vi\u00f0 vafrak\u00f6kur?<\/h2>\n<p>Vi\u00f0 notum vafrak\u00f6kur til a\u00f0 skr\u00e1 upplifun vi\u00f0skiptavina okkar svo getum vi\u00f0 betur komi\u00f0 til m\u00f3ts vi\u00f0 \u00fe\u00e1.<\/p>\n<h2>Hva\u00f0a vafrak\u00f6kur notum vi\u00f0?<\/h2>\n<h3><strong>Nau\u00f0synlegar vafrak\u00f6kur<\/strong><\/h3>\n<p>Nota\u00f0ar \u00ed \u00feeim tilgangi a\u00f0 tryggja a\u00f0 vefurinn starfi e\u00f0lilega.<\/p>\n<table style=\"border-collapse: collapse; width: 100%;\" border=\"1\">\n<tbody>\n<tr>\n<td style=\"width: 33.3333%;\"><strong>Vafrak\u00f6kur<\/strong><\/td>\n<td style=\"width: 33.3333%;\"><strong>Kemur fr\u00e1<\/strong><\/td>\n<td style=\"width: 33.3333%;\"><strong>Tilgangur<\/strong><\/td>\n<\/tr>\n<tr>\n<td style=\"width: 33.3333%;\">CookieConsent<\/td>\n<td style=\"width: 33.3333%;\">purelysigga.com<\/td>\n<td style=\"width: 33.3333%;\">Vistar stillingar notandans var\u00f0andi sam\u00feykki \u00e1 vafrak\u00f6kum \u00e1 purelysigga.com<\/td>\n<\/tr>\n<\/tbody>\n<\/table>\n<p>&nbsp;<\/p>\n<h3><strong>Virknik\u00f6kur<\/strong><\/h3>\n<p>Nota\u00f0ar\u00a0til a\u00f0 muna kj\u00f6rstillingar \u00fe\u00ednar.<\/p>\n<table style=\"border-collapse: collapse; width: 100%;\" border=\"1\">\n<tbody>\n<tr>\n<td style=\"width: 33.3333%;\"><strong>Vafrak\u00f6kur<\/strong><\/td>\n<td style=\"width: 33.3333%;\"><strong>Kemur fr\u00e1<\/strong><\/td>\n<td style=\"width: 33.3333%;\"><strong>Tilgangur<\/strong><\/td>\n<\/tr>\n<tr>\n<td style=\"width: 33.3333%;\">pll_language<\/td>\n<td style=\"width: 33.3333%;\">purelysigga.com<\/td>\n<td style=\"width: 33.3333%;\">Vistar kj\u00f6rstillingar notandans var\u00f0andi tungum\u00e1l.<\/td>\n<\/tr>\n<\/tbody>\n<\/table>\n<p>&nbsp;<\/p>\n<h3><strong>T\u00e6knilegar vafrak\u00f6kur<br \/>\n<\/strong><\/h3>\n<table style=\"border-collapse: collapse; width: 100%;\" border=\"1\">\n<tbody>\n<tr>\n<td style=\"width: 33.3333%;\"><strong>Vafrak\u00f6kur<\/strong><\/td>\n<td style=\"width: 33.3333%;\"><strong>Kemur fr\u00e1<\/strong><\/td>\n<td style=\"width: 33.3333%;\"><strong>Tilgangur<\/strong><\/td>\n<\/tr>\n<tr>\n<td style=\"width: 33.3333%;\">wordpress_test_cookie<br \/>\nwordpress_logged_in_<br \/>\nwordpress_sec<\/td>\n<td style=\"width: 33.3333%;\">purelysigga.com<\/td>\n<td style=\"width: 33.3333%;\">\u00deessar vafrak\u00f6kur tilheyra WordPress kerfinu.<\/td>\n<\/tr>\n<\/tbody>\n<\/table>\n<p>&nbsp;<\/p>\n<h3><strong>T\u00f6lfr\u00e6\u00f0ilegar vafrak\u00f6kur fyrir greiningu og virkni<br \/>\n<\/strong><\/h3>\n<p>Nota\u00f0ar \u00feess a\u00f0 greina hvernig vefurinn er nota\u00f0ur. \u00deessar uppl\u00fdsingar eru nafnlausar.<\/p>\n<table style=\"border-collapse: collapse; width: 100%;\" border=\"1\">\n<tbody>\n<tr>\n<td style=\"width: 33.3333%;\"><strong>Vafrak\u00f6kur<\/strong><\/td>\n<td style=\"width: 33.3333%;\"><strong>Kemur fr\u00e1<\/strong><\/td>\n<td style=\"width: 33.3333%;\"><strong>Tilgangur<\/strong><\/td>\n<\/tr>\n<tr>\n<td style=\"width: 33.3333%;\">_ga, _gat, _gid<\/td>\n<td style=\"width: 33.3333%;\">purelysigga.com<\/td>\n<td style=\"width: 33.3333%;\">T\u00f6lfr\u00e6\u00f0ilegar uppl\u00fdsingar um notkun og umfer\u00f0 \u00e1 purelysigga.com. \u00deessar uppl\u00fdsingar hj\u00e1lpa okkur a\u00f0 b\u00e6ta virkni vefsins.<\/td>\n<\/tr>\n<\/tbody>\n<\/table>\n<p><strong>\u00a0<\/strong><\/p>\n","protected":false},"excerpt":{"rendered":"<p>\u00cd samr\u00e6mi vi\u00f0 gildandi l\u00f6g uppl\u00fdsum vi\u00f0 h\u00e9r hvernig vafrak\u00f6kur eru nota\u00f0ar \u00e1 vefsv\u00e6\u00f0i okkar purelysigga.com Hva\u00f0 eru vafrak\u00f6kur? Vafrak\u00f6kur (cookies) eru uppl\u00fdsingaforrit sem vafraforrit vista \u00e1 notendat\u00f6lvum og snjallt\u00e6kjum. \u00de\u00e6r hafa \u00e1kve\u00f0i\u00f0 gildist\u00edmabil og renna \u00fat af \u00fev\u00ed loknu. Vafrak\u00f6kur geta geymt uppl\u00fdsingar um t\u00f6lfr\u00e6\u00f0i og stillingar notanda svo d\u00e6mi s\u00e9 teki\u00f0, en geyma [&hellip;]<\/p>\n","protected":false},"author":1,"featured_media":0,"parent":0,"menu_order":0,"comment_status":"closed","ping_status":"closed","template":"","meta":{"footnotes":""},"class_list":["post-556","page","type-page","status-publish","hentry"],"_links":{"self":[{"href":"https:\/\/purelysigga.com\/is\/wp-json\/wp\/v2\/pages\/556","targetHints":{"allow":["GET"]}}],"collection":[{"href":"https:\/\/purelysigga.com\/is\/wp-json\/wp\/v2\/pages"}],"about":[{"href":"https:\/\/purelysigga.com\/is\/wp-json\/wp\/v2\/types\/page"}],"author":[{"embeddable":true,"href":"https:\/\/purelysigga.com\/is\/wp-json\/wp\/v2\/users\/1"}],"replies":[{"embeddable":true,"href":"https:\/\/purelysigga.com\/is\/wp-json\/wp\/v2\/comments?post=556"}],"version-history":[{"count":1,"href":"https:\/\/purelysigga.com\/is\/wp-json\/wp\/v2\/pages\/556\/revisions"}],"predecessor-version":[{"id":557,"href":"https:\/\/purelysigga.com\/is\/wp-json\/wp\/v2\/pages\/556\/revisions\/557"}],"wp:attachment":[{"href":"https:\/\/purelysigga.com\/is\/wp-json\/wp\/v2\/media?parent=556"}],"curies":[{"name":"wp","href":"https:\/\/api.w.org\/{rel}","templated":true}]}}