{"id":3,"date":"2020-06-19T14:33:33","date_gmt":"2020-06-19T14:33:33","guid":{"rendered":"http:\/\/purelysigga.com\/?page_id=3"},"modified":"2020-11-05T18:44:16","modified_gmt":"2020-11-05T18:44:16","slug":"personuverndarstefna","status":"publish","type":"page","link":"https:\/\/purelysigga.com\/is\/personuverndarstefna\/","title":{"rendered":"Pers\u00f3nuverndarstefna"},"content":{"rendered":"<p>T\u00f3k gildi: 15. J\u00fal\u00ed 2018 Sj\u00e1vargrilli\u00f0 ehf., (einnig v\u00edsa\u00f0 til \u201e<strong>f\u00e9lagsins<\/strong>,\u201c \u201e<strong>vi\u00f0<\/strong>\u201c e\u00f0a \u201e<strong>okkar<\/strong>\u201c) rekur vefinn https:\/\/purelysigga.com (h\u00e9r eftir nefndur \u201eVefurinn\u201c). Vi\u00f0 t\u00f6kum alvarlega \u00fe\u00e6r skyldur sem fylgja pers\u00f3nuvernd og \u00f6ryggi pers\u00f3nuuppl\u00fdsinga og me\u00f0h\u00f6ndlum \u00fe\u00e6r uppl\u00fdsingar sem koma \u00ed gegnum vefinn \u00ed samr\u00e6mi vi\u00f0 l\u00f6g nr. 90\/2018 um pers\u00f3nuvernd og vinnslu pers\u00f3nuuppl\u00fdsinga. \u00cd pers\u00f3nuverndarstefnu \u00feessari f\u00f6rum vi\u00f0 yfir hva\u00f0a uppl\u00fdsingar vi\u00f0 skr\u00e1um, me\u00f0 hva\u00f0a h\u00e6tti og \u00ed hva\u00f0a tilgangi.<\/p>\n<h3><strong>Skilgreiningar<\/strong><\/h3>\n<ul>\n<li><strong>Vefurinn<\/strong><\/li>\n<\/ul>\n<p>Vefurinn er heimas\u00ed\u00f0a f\u00e9lagsins \u00e1 sl\u00f3\u00f0inni https:\/\/purelysigga.com<\/p>\n<ul>\n<li><strong>Pers\u00f3nuuppl\u00fdsingar<\/strong><\/li>\n<\/ul>\n<p>Pers\u00f3nuuppl\u00fdsingar eru s\u00e9rhverjar pers\u00f3nugreindar e\u00f0a pers\u00f3nugreinanlegar uppl\u00fdsingar, \u00fe.e. uppl\u00fdsingar sem rekja m\u00e1 beint e\u00f0a \u00f3beint til tiltekins einstaklings.<\/p>\n<ul>\n<li><strong>T\u00e6knilegar uppl\u00fdsingar<\/strong><\/li>\n<\/ul>\n<p>Notkunarg\u00f6gn eru skr\u00e1\u00f0 sj\u00e1lfkrafa \u00feegar \u00fe\u00fa heims\u00e6kir vefinn okkar (t.d. IP-tala og t\u00f6lfr\u00e6\u00f0ig\u00f6gn). Vi\u00f0 tengjum \u00feessi g\u00f6gn aldrei vi\u00f0 pers\u00f3nuuppl\u00fdsingar \u00fe\u00ednar.<\/p>\n<ul>\n<li><strong>Vafrak\u00f6kur<\/strong><\/li>\n<\/ul>\n<p>Vafrak\u00f6kur (cookies) eru uppl\u00fdsingaforrit sem vafraforrit vista \u00e1 notendat\u00f6lvum og snjallt\u00e6kjum. \u00de\u00e6r hafa \u00e1kve\u00f0i\u00f0 gildist\u00edmabil og renna \u00fat af \u00fev\u00ed loknu.<\/p>\n<ul>\n<li><strong>\u00c1byrg\u00f0ara\u00f0ili<\/strong><\/li>\n<\/ul>\n<p>Einstaklingur, l\u00f6ga\u00f0ili, stj\u00f3rnvald e\u00f0a annar a\u00f0ili sem \u00e1kve\u00f0ur einn e\u00f0a \u00ed samvinnu vi\u00f0 a\u00f0ra tilgang og a\u00f0fer\u00f0ir vi\u00f0 vinnslu pers\u00f3nuuppl\u00fdsinga. Sj\u00e1vargrilli\u00f0 ehf., er \u00e1byrg\u00f0ara\u00f0ili fyrir \u00feeirri vinnslu pers\u00f3nuuppl\u00fdsinga sem fram fer \u00ed tengslum vi\u00f0 v\u00f6rur og \u00fej\u00f3nustu f\u00e9lagsins.<\/p>\n<ul>\n<li><strong>Vinnslua\u00f0ili<\/strong><\/li>\n<\/ul>\n<p>Einstaklingur e\u00f0a l\u00f6ga\u00f0ili, stj\u00f3rnvald e\u00f0a annar a\u00f0ili sem vinnur me\u00f0 pers\u00f3nuuppl\u00fdsingar \u00e1 vegum \u00e1byrg\u00f0ara\u00f0ila. Vi\u00f0 kunnum a\u00f0 mi\u00f0la pers\u00f3nuuppl\u00fdsingum til \u00feri\u00f0ja a\u00f0ila (vinnslua\u00f0ila sem uppfyllir \u00f6ll skilyr\u00f0i) s\u00e9 um a\u00f0 r\u00e6\u00f0a \u00fej\u00f3nustua\u00f0ila.<\/p>\n<ul>\n<li><strong>Skr\u00e1\u00f0ur einstaklingur (e\u00f0a \u201ehinn skr\u00e1\u00f0i\u201c)<\/strong><\/li>\n<\/ul>\n<p>Einstaklingur sem \u00e1 \u00ed samskiptum vi\u00f0 okkur vegna v\u00f6ru e\u00f0a \u00fej\u00f3nustu.<\/p>\n<h3><strong>Hva\u00f0a pers\u00f3nuuppl\u00fdsingum s\u00f6fnum vi\u00f0 og \u00ed hva\u00f0a tilgangi?<\/strong><\/h3>\n<p>Vi\u00f0 so\u0308fnum og var\u00f0veitum y\u0301msar perso\u0301nuupply\u0301singar \u00ed mismunandi tilgangi, me\u00f0al annars til a\u00f0 veita umbe\u00f0na \u00fej\u00f3nustu og b\u00e6ta heimas\u00ed\u00f0una og \u00fej\u00f3nustuna.<\/p>\n<h4><strong>Uppl\u00fdsingar sem vi\u00f0 s\u00f6fnum<\/strong><\/h4>\n<p><strong>Pers\u00f3nu- og samskiptauppl\u00fdsingar<\/strong> \u00deegar \u00fe\u00fa \u00e1tt \u00ed samskiptum vi\u00f0 okkur \u00ed gegnum heimas\u00ed\u00f0una e\u00f0a t\u00f6lvup\u00f3st, \u00fe\u00e1 skr\u00e1um vi\u00f0 pers\u00f3nuuppl\u00fdsingar svo vi\u00f0 getum haft samband vi\u00f0 \u00feig og\/e\u00f0a au\u00f0kennt \u00feig (\u201ehinn skr\u00e1\u00f0i\u201c) og veitt umbe\u00f0na \u00fej\u00f3nustu. \u00de\u00e6r pers\u00f3nuuppl\u00fdsingar geta me\u00f0al annars veri\u00f0:<\/p>\n<ul>\n<li>Nafn<\/li>\n<li>Kennitala<\/li>\n<li>Netfang<\/li>\n<li>S\u00edman\u00famer<\/li>\n<li>Heimilisfang, p\u00f3stn\u00famer, sta\u00f0ur<\/li>\n<li>Samskiptasaga<\/li>\n<\/ul>\n<p><strong>T\u00e6knilegar uppl\u00fdsingar<\/strong> \u00deegar \u00fe\u00fa heims\u00e6kir vefinn okkar \u00fe\u00e1 s\u00f6fnum vi\u00f0 g\u00f6gnum sj\u00e1lfkrafa sem fela \u00ed s\u00e9r t\u00e6knilegar uppl\u00fdsingar var\u00f0andi \u00feann b\u00fana\u00f0 sem \u00fe\u00fa tengist me\u00f0 og hvernig \u00fe\u00fa fer\u00f0ast um vefinn. \u00deessi g\u00f6gn geta innihaldi\u00f0 IP-t\u00f6lu, tegund vafra, s\u00ed\u00f0urnar sem \u00fe\u00fa sko\u00f0a\u00f0ar, t\u00edma og dagsetningu heims\u00f3knar, t\u00edma sem \u00fe\u00fa var\u00f0ir \u00e1 \u00feessum s\u00ed\u00f0um sem og a\u00f0rar uppl\u00fdsingar. Vi\u00f0 tengjum \u00feessi g\u00f6gn aldrei vi\u00f0 pers\u00f3nuuppl\u00fdsingar \u00fe\u00ednar. \u00cd flestum tilfellum er sl\u00edkum g\u00f6gnum safna\u00f0 me\u00f0 \u00fev\u00ed a\u00f0 nota vafrak\u00f6kur. Sj\u00e1 n\u00e1nari uppl\u00fdsingar \u00ed <a href=\"https:\/\/purelysigga.com\/vafrakokustefna\/\">vafrak\u00f6kustefnu<\/a>. <strong>Vafrak\u00f6kur<\/strong> Vafrak\u00f6kur (cookies) eru uppl\u00fdsingaforrit sem vafraforrit vista \u00e1 notendat\u00f6lvum og snjallt\u00e6kjum. \u00de\u00e6r hafa \u00e1kve\u00f0i\u00f0 gildist\u00edmabil og renna \u00fat af \u00fev\u00ed loknu. Vafrak\u00f6kur geta geymt uppl\u00fdsingar um t\u00f6lfr\u00e6\u00f0i og stillingar notanda svo d\u00e6mi s\u00e9 teki\u00f0, en geyma ekki pers\u00f3nuuppl\u00fdsingar eins og nafn, kennit\u00f6lu, netfang e\u00f0a s\u00edman\u00famer. D\u00e6mi um vafrak\u00f6kur sem vi\u00f0 notum:<\/p>\n<ul>\n<li><strong>Nau\u00f0synlegar vafrak\u00f6kur.\u00a0<\/strong>Nota\u00f0ar \u00ed \u00feeim tilgangi a\u00f0 tryggja a\u00f0 vefurinn starfi e\u00f0lilega.<\/li>\n<li><strong>Virknik\u00f6kur.\u00a0<\/strong>Nota\u00f0ar til a\u00f0 muna kj\u00f6rstillingar \u00fe\u00ednar eins og t.d. tungum\u00e1l.<\/li>\n<li><strong>T\u00f6lfr\u00e6\u00f0ik\u00f6kur.\u00a0<\/strong>Nota\u00f0ar \u00feess a\u00f0 greina hvernig vefurinn er nota\u00f0ur. \u00deessar uppl\u00fdsingar eru nafnlausar.<\/li>\n<\/ul>\n<p>\u00cd samr\u00e6mi vi\u00f0 gildandi l\u00f6g \u00f3skum vi\u00f0 eftir leyfi fr\u00e1 \u00fe\u00e9r til a\u00f0 nota vafrak\u00f6kur. Vi\u00f0 gerum \u00fe\u00e9r einnig au\u00f0velt a\u00f0 skipta um sko\u00f0un hven\u00e6r sem er, me\u00f0 a\u00f0gengi a\u00f0 fri\u00f0helgisstillingum. \u00dear getur \u00fe\u00fa sl\u00f6kkt \u00e1 \u00feeim vafrak\u00f6kum sem eru ekki nau\u00f0synlegar til a\u00f0 vefurinn virki e\u00f0lilega. \u00de\u00fa getur l\u00edka sl\u00f6kkt \u00e1 \u00f6llum k\u00f6kum me\u00f0 \u00fev\u00ed a\u00f0 breyta vafrastillingum \u00fe\u00ednum. Vi\u00f0 bendum \u00e1 a\u00f0 ef \u00fe\u00fa slekkur \u00e1 \u00f6llum vafrak\u00f6kum getur \u00fea\u00f0 komi\u00f0 ni\u00f0ur \u00e1 virkni vefsins.<\/p>\n<h3><strong>Hvernig notum vi\u00f0 pers\u00f3nuuppl\u00fdsingar \u00fe\u00ednar?<\/strong><\/h3>\n<p>Vi\u00f0 notum uppl\u00fdsingar \u00fe\u00ednar me\u00f0 \u00fdmsum h\u00e6tti me\u00f0al annars \u00ed eftirfarandi tilgangi:<\/p>\n<ul>\n<li>Til a\u00f0 veita \u00fe\u00e9r \u00fe\u00e1 v\u00f6ru e\u00f0a \u00fej\u00f3nustu sem \u00fe\u00fa hefur \u00f3ska\u00f0 eftir<\/li>\n<li>Til a\u00f0 svara fyrirspurnum og vinna \u00far bei\u00f0num sem \u00fe\u00fa sendir til okkar<\/li>\n<li>Til a\u00f0 uppl\u00fdsa \u00feig um breytingar \u00e1 \u00fej\u00f3nustu okkar og skilm\u00e1lum<\/li>\n<li>Til a\u00f0 uppl\u00fdsa \u00feig um n\u00fdjar v\u00f6rur og \u00fej\u00f3nustu<\/li>\n<li>Til a\u00f0 greina notkun \u00e1 \u00fej\u00f3nustu okkar og v\u00f6rum<\/li>\n<li>Til a\u00f0 uppfylla lagalegar kr\u00f6fur<\/li>\n<\/ul>\n<h3><strong>Hver er lagalegur grundv\u00f6llur fyrir vinnslu?<\/strong><\/h3>\n<p>Vi\u00f0 s\u00f6fnum og vinnum pers\u00f3nuuppl\u00fdsingar \u00ed samr\u00e6mi vi\u00f0 eftirfarandi heimildir:<\/p>\n<ul>\n<li>Til a\u00f0 uppfylla samningsskyldu (2. tl. 9. gr. laga nr. 90\/2018).<\/li>\n<li>\u00c1 grundvelli sam\u00feykkis (1. tl. 9. gr. laga nr. 90\/2018).<\/li>\n<li>Til a\u00f0 vernda l\u00f6gm\u00e6ta rekstrarlegra hagsmuni f\u00e9lagsins (6. tl. 9. gr. laga nr. 90\/2018).<\/li>\n<li>\u00cd t\u00f6lfr\u00e6\u00f0ilegum tilgangi (5. tl. 9. gr. laga nr. 90\/2018).<\/li>\n<li>Til a\u00f0 uppfylla lagaskyldu (3. tl. 9. gr. laga nr. 90\/2018).<\/li>\n<\/ul>\n<h3><strong>Hversu lengi geymum vi\u00f0 pers\u00f3nuuppl\u00fdsingar?<\/strong><\/h3>\n<p>Vi\u00f0 geymum g\u00f6gn eins lengi og nau\u00f0synlegt er mi\u00f0a\u00f0 vi\u00f0 tilgang vinnslu eins og l\u00fdst er \u00ed \u00feessari pers\u00f3nuverndarstefnu, nema \u00feegar l\u00f6g og reglur kve\u00f0a \u00e1 um lengri geymslut\u00edma sbr. regluger\u00f0 um rafr\u00e6na reikninga og b\u00f3khaldsl\u00f6g.<\/p>\n<h3><strong>Mi\u00f0lun pers\u00f3nuuppl\u00fdsinga<\/strong><\/h3>\n<p>F\u00e9lagi\u00f0 kann a\u00f0 mi\u00f0la pers\u00f3nuuppl\u00fdsingum til eftirfarandi a\u00f0ila:<\/p>\n<ul>\n<li>Starfsmanna innan fyrirt\u00e6kisins til a\u00f0 veita \u00fe\u00e9r umbe\u00f0na \u00fej\u00f3nustu.<\/li>\n<li>Vinnslua\u00f0ila (\u00fej\u00f3nustuveitenda) okkar \u00e1 grundvelli vinnslusamninga.<\/li>\n<li>Banka og kortafyrirt\u00e6kja vegna me\u00f0fer\u00f0ar \u00e1 grei\u00f0slum.<\/li>\n<li>Innheimtua\u00f0ila vegna innheimtu skulda.<\/li>\n<li>Skattayfirvalda vegna laga e\u00f0a reglna.<\/li>\n<li>N\u00fdrra eigenda ef fyrirt\u00e6ki\u00f0 er selt \u00ed heild e\u00f0a a\u00f0 hluta.<\/li>\n<\/ul>\n<h3><strong>\u00d6ryggi pers\u00f3nuuppl\u00fdsinga<\/strong><\/h3>\n<p>Vi\u00f0 leggjum \u00e1herslu \u00e1 \u00f6ryggi pers\u00f3nuuppl\u00fdsinga og notum til \u00feess vi\u00f0urkenndar a\u00f0fer\u00f0ir. \u00der\u00e1tt fyrir \u00fea\u00f0 er mikilv\u00e6gt a\u00f0 vita a\u00f0 engin a\u00f0fer\u00f0 vi\u00f0 a\u00f0 senda g\u00f6gn um Interneti\u00f0 e\u00f0a a\u00f0fer\u00f0 vi\u00f0 rafr\u00e6na geymslu er 100% \u00f6rugg. D\u00e6mi um \u00f6ryggisr\u00e1\u00f0stafanir sem vi\u00f0 notum eru a\u00f0gangsst\u00fdringar \u00ed kerfum f\u00e9lagsins og dulk\u00f3\u00f0u\u00f0 samskipti \u00e1 milli notenda og vefs me\u00f0 SSL skilr\u00edki.<\/p>\n<h3><strong>R\u00e9ttindi \u00fe\u00edn var\u00f0andi pers\u00f3nuuppl\u00fdsingar<\/strong><\/h3>\n<p>\u00de\u00fa n\u00fdtur \u00fdmiskonar r\u00e9ttinda samkv\u00e6mt l\u00f6gum \u00ed tengslum vi\u00f0 vinnslu pers\u00f3nuuppl\u00fdsinga, \u00fe\u00f3 me\u00f0 nokkrum takm\u00f6rkunum og undantekningum \u00ed gildandi l\u00f6gum og reglum. R\u00e9ttindi \u00fe\u00edn eru me\u00f0al annars eftirfarandi:<\/p>\n<ul>\n<li><strong>R\u00e9ttur til a\u00f0gangs.<\/strong>\u00de\u00fa \u00e1tt r\u00e9tt \u00e1 a\u00f0 f\u00e1 sta\u00f0fest hvort vi\u00f0 vinnum pers\u00f3nuuppl\u00fdsingar um \u00feig e\u00f0a ekki og a\u00f0 f\u00e1 a\u00f0gang a\u00f0 pers\u00f3nuuppl\u00fdsingum \u00fe\u00ednum ef svo er. Bei\u00f0ni um a\u00f0gang skal afgreidd eins flj\u00f3tt og au\u00f0i\u00f0 er og eigi s\u00ed\u00f0ar en innan m\u00e1na\u00f0ar fr\u00e1 m\u00f3tt\u00f6ku bei\u00f0ninnar.<\/li>\n<li><strong>R\u00e9ttur til lei\u00f0r\u00e9ttingar og ey\u00f0ingar (\u201er\u00e9ttur til a\u00f0 gleymast\u201c).<\/strong>\u00de\u00fa \u00e1tt r\u00e9tt \u00e1 lei\u00f0r\u00e9ttingu og\/e\u00f0a ey\u00f0ingu \u00e1 pers\u00f3nuuppl\u00fdsingum sem kunna a\u00f0 vera rangar e\u00f0a villandi.<\/li>\n<li><strong>R\u00e9ttur til a\u00f0 andm\u00e6la vinnslu.<\/strong>\u00de\u00fa \u00e1tt r\u00e9tt \u00e1 a\u00f0 andm\u00e6la vinnslu pers\u00f3nuuppl\u00fdsinga teljir \u00fe\u00fa a\u00f0 vinnslan samr\u00e6mist ekki tilgangi hennar.<\/li>\n<li><strong>R\u00e9ttur til takm\u00f6rkunar \u00e1 vinnslu.<\/strong>\u00de\u00fa \u00e1tt r\u00e9tt \u00e1 a\u00f0 vinnsla pers\u00f3nuuppl\u00fdsinga um \u00feig ver\u00f0i takm\u00f6rku\u00f0 \u00ed s\u00e9rst\u00f6kum tilvikum.<\/li>\n<li><strong>R\u00e9ttur til a\u00f0 flytja eigin g\u00f6gn.\u00a0<\/strong>\u00de\u00fa \u00e1tt r\u00e9tt \u00e1 a\u00f0 flytja \u00feau g\u00f6gn sem vi\u00f0 geymum til annars \u00e1byrg\u00f0ara\u00f0ila.<\/li>\n<li><strong>R\u00e9ttur til a\u00f0 afturkalla sam\u00feykki.<\/strong>\u00deegar vinnsla okkar \u00e1 pers\u00f3nauppl\u00fdsingum er bygg\u00f0 \u00e1 sam\u00feykki \u00fe\u00ednu, \u00e1tt \u00fe\u00fa r\u00e9tt \u00e1 a\u00f0 afturkalla sl\u00edkt sam\u00feykki hven\u00e6r sem er.<\/li>\n<\/ul>\n<p>Til a\u00f0 fyrirbyggja a\u00f0 r\u00e9tturinn h\u00e9r a\u00f0 ofan ver\u00f0i misnota\u00f0ur, \u00e1skiljum vi\u00f0 okkur r\u00e9tt til a\u00f0 fara fram \u00e1 a\u00f0 \u00fe\u00fa s\u00fdnir fram \u00e1 au\u00f0kenni \u00e1\u00f0ur en erindi\u00f0 er afgreitt. Ef \u00fe\u00fa vilt n\u00fdta \u00fe\u00e9r ofangreindan r\u00e9tt, \u00fe\u00e1 vinsamlegast sendu okkur t\u00f6lvup\u00f3st \u00e1 info@purelysigga.com<\/p>\n<h3><strong>Vefs\u00ed\u00f0ur \u00feri\u00f0ju a\u00f0ila<\/strong><\/h3>\n<p>Vefurinn okkar kann a\u00f0 innihalda v\u00edsanir \u00ed og fr\u00e1 vefs\u00ed\u00f0um samstarfsa\u00f0ila og annarra \u00feri\u00f0ju a\u00f0ila. Vinsamlegast athugi\u00f0 a\u00f0 um \u00fe\u00e6r vefs\u00ed\u00f0ur gilda a\u00f0rar pers\u00f3nuverndarreglur sem vi\u00f0 hvorki h\u00f6fum stj\u00f3rn \u00e1 n\u00e9 berum \u00e1byrg\u00f0 \u00e1. Vi\u00f0 hvetjum \u00feig \u00fev\u00ed til a\u00f0 kynna \u00fe\u00e9r \u00fe\u00e6r reglur vandlega \u00e1\u00f0ur en \u00fe\u00fa sendir pers\u00f3nuuppl\u00fdsingar \u00ed gegnum \u00fe\u00e6r vefs\u00ed\u00f0ur.<\/p>\n<h3><strong>Pers\u00f3nuvernd barna<\/strong><\/h3>\n<p>Vi\u00f0 skr\u00e1um engar pers\u00f3nuuppl\u00fdsingar um b\u00f6rn yngri en 18 \u00e1ra.<\/p>\n<h3><strong>Breytingar \u00e1 pers\u00f3nuverndarstefnu okkar<\/strong><\/h3>\n<p>Vi\u00f0 \u00e1skiljum okkur r\u00e9tt til \u00feess a\u00f0 breyta og uppf\u00e6ra pers\u00f3nuverndarstefnu \u00feessa hven\u00e6r sem er. Vi\u00f0 l\u00e1tum vita af sl\u00edkum breytingum \u00e1 heimas\u00ed\u00f0u okkar.<\/p>\n<h3><strong>Samskiptauppl\u00fdsingar<\/strong><\/h3>\n<p>Ef \u00fe\u00fa hefur einhverjar spurningar var\u00f0andi pers\u00f3nuverndarstefnu \u00feessa, \u00fe\u00e1 vinsamlegast haf\u00f0u samband \u00e1 info@purelysigga.com<\/p>\n","protected":false},"excerpt":{"rendered":"<p>T\u00f3k gildi: 15. J\u00fal\u00ed 2018 Sj\u00e1vargrilli\u00f0 ehf., (einnig v\u00edsa\u00f0 til \u201ef\u00e9lagsins,\u201c \u201evi\u00f0\u201c e\u00f0a \u201eokkar\u201c) rekur vefinn https:\/\/purelysigga.com (h\u00e9r eftir nefndur \u201eVefurinn\u201c). Vi\u00f0 t\u00f6kum alvarlega \u00fe\u00e6r skyldur sem fylgja pers\u00f3nuvernd og \u00f6ryggi pers\u00f3nuuppl\u00fdsinga og me\u00f0h\u00f6ndlum \u00fe\u00e6r uppl\u00fdsingar sem koma \u00ed gegnum vefinn \u00ed samr\u00e6mi vi\u00f0 l\u00f6g nr. 90\/2018 um pers\u00f3nuvernd og vinnslu pers\u00f3nuuppl\u00fdsinga. \u00cd pers\u00f3nuverndarstefnu \u00feessari [&hellip;]<\/p>\n","protected":false},"author":1,"featured_media":0,"parent":0,"menu_order":0,"comment_status":"closed","ping_status":"open","template":"","meta":{"footnotes":""},"class_list":["post-3","page","type-page","status-publish","hentry"],"_links":{"self":[{"href":"https:\/\/purelysigga.com\/is\/wp-json\/wp\/v2\/pages\/3","targetHints":{"allow":["GET"]}}],"collection":[{"href":"https:\/\/purelysigga.com\/is\/wp-json\/wp\/v2\/pages"}],"about":[{"href":"https:\/\/purelysigga.com\/is\/wp-json\/wp\/v2\/types\/page"}],"author":[{"embeddable":true,"href":"https:\/\/purelysigga.com\/is\/wp-json\/wp\/v2\/users\/1"}],"replies":[{"embeddable":true,"href":"https:\/\/purelysigga.com\/is\/wp-json\/wp\/v2\/comments?post=3"}],"version-history":[{"count":1,"href":"https:\/\/purelysigga.com\/is\/wp-json\/wp\/v2\/pages\/3\/revisions"}],"predecessor-version":[{"id":550,"href":"https:\/\/purelysigga.com\/is\/wp-json\/wp\/v2\/pages\/3\/revisions\/550"}],"wp:attachment":[{"href":"https:\/\/purelysigga.com\/is\/wp-json\/wp\/v2\/media?parent=3"}],"curies":[{"name":"wp","href":"https:\/\/api.w.org\/{rel}","templated":true}]}}