{"id":2388,"date":"2021-07-04T19:54:02","date_gmt":"2021-07-04T19:54:02","guid":{"rendered":"http:\/\/purelysigga.com\/?page_id=2388"},"modified":"2022-02-01T15:10:09","modified_gmt":"2022-02-01T15:10:09","slug":"velunnarar","status":"publish","type":"page","link":"https:\/\/purelysigga.com\/is\/velunnarar\/","title":{"rendered":"Velunnarar"},"content":{"rendered":"<p>H\u00e9r er a\u00f0 finna uppl\u00fdsingar um velunnara.<\/p>\n<p>\u00deeir sem eru \u00e1hugasamir um samstarf geta sent t\u00f6lvup\u00f3st \u00e1 purelysigga@gmail.com<\/p>\n<p class=\"p2\"><strong>KRYDDH\u00daSI\u00d0<\/strong><\/p>\n<p class=\"p2\">Kryddh\u00fasi\u00f0 er fj\u00f6lskyldufyrirt\u00e6ki, stofna\u00f0 \u00e1ri\u00f0 2015 af hj\u00f3nunum \u00d3l\u00f6fu Einarsd\u00f3ttur og Omry Avraham. Omry er alinn upp vi\u00f0 r\u00edka kryddhef\u00f0 matarmenningu mi\u00f0austurlanda. Hann er fr\u00e1 \u00cdsrael og \u00e1 \u00e6ttir a\u00f0 rekja til Marokk\u00f3 og \u00cdraks. \u00d3l\u00f6f er menntu\u00f0 \u00ed n\u00e1tt\u00farul\u00e6kningum og hennar n\u00e1lgun er n\u00e6ringargildi kryddsins og eiginleikar \u00e1samt g\u00f3\u00f0u brag\u00f0i. \u00cd Kryddh\u00fasinu sameinast bakgrunnur \u00feeirra beggja \u00e1samt \u00e1str\u00ed\u00f0u fyrir g\u00f3\u00f0um og n\u00e6ringarr\u00edkum mat. Kryddh\u00fasi\u00f0 st\u00e1tar af fr\u00e1b\u00e6ru \u00farvali af kryddbl\u00f6ndum fr\u00e1 hinum \u00fdmsu heimshornum \u00e1samt heilu og m\u00f6lu\u00f0u kryddi \u00ed miklum g\u00e6\u00f0um. Varan er n\u00e1tt\u00faruleg, \u00f3me\u00f0h\u00f6ndlu\u00f0 og \u00e1n allra aukaefna.<\/p>\n<p class=\"p2\"><a href=\"http:\/\/kryddhus.is\" target=\"_blank\" rel=\"noopener\">kryddhus.is<\/a><\/p>\n<p class=\"p2\"><strong>EINST\u00d6K MATVARA<\/strong><\/p>\n<p class=\"p3\">Einst\u00f6k Matvara er heildsala sem hefur \u00fej\u00f3na\u00f0 \u00edslenskum neytendum um \u00e1rabil og s\u00e9rstaklega \u00feeim sem er umhuga\u00f0 um heilsuna og hva\u00f0 \u00feeir bor\u00f0a. L\u00edfr\u00e6nar v\u00f6rur hafa veri\u00f0 \u00ed fyrirr\u00fami og \u00feau eru st\u00f6\u00f0ugt a\u00f0 b\u00e6ta vi\u00f0 v\u00f6ruvali\u00f0 \u00feannig a\u00f0 \u00fea\u00f0 \u00fej\u00f3ni sem best \u00f6rt vaxandi h\u00f3pi vi\u00f0skiptavina. \u00deau leggja miki\u00f0 upp \u00far umhverfism\u00e1lum og leitast eftir a\u00f0 umb\u00fa\u00f0ir \u00e1 \u00feeim v\u00f6rum sem \u00feau bj\u00f3\u00f0a s\u00e9u umhverfisv\u00e6nar.<span class=\"Apple-converted-space\">\u00a0<\/span><\/p>\n<p class=\"p3\"><span class=\"s1\"><a href=\"http:\/\/einstokmatvara.is\" target=\"_blank\" rel=\"noopener\">einstokmatvara.is<\/a><\/span><\/p>\n<p class=\"p3\"><strong>VAXA<\/strong><\/p>\n<p class=\"p5\">VAXA r\u00e6ktar nokkrar tegundir af salathausum, sprettur (e. microgreens) og kryddjurtir. Gr\u00e6nmeti\u00f0 \u00feeirra er nota\u00f0 \u00e1 m\u00f6rgum af bestu veitingast\u00f6\u00f0um landsins og er f\u00e1anlegt \u00ed \u00f6llum st\u00e6rstu matv\u00f6ruverslunum.\u00a0\u00cd l\u00f3\u00f0r\u00e9ttum landb\u00fana\u00f0i (e. vertical farming) eru matjurtir r\u00e6kta\u00f0ar \u00e1 m\u00f6rgum h\u00e6\u00f0um me\u00f0 LED-lj\u00f3si og n\u00fdting \u00e1 landi, orku og vatni \u00feannig h\u00e1m\u00f6rku\u00f0. VAXA tr\u00fair \u00fev\u00ed a\u00f0 \u00cdsland geti veri\u00f0 lei\u00f0andi \u00e1 \u00feessu svi\u00f0i til framt\u00ed\u00f0ar og a\u00f0 \u00feannig megi draga til muna \u00far \u00fe\u00f6rfinni \u00e1 \u00f3umhverfisv\u00e6num innflutningi \u00e1 gr\u00e6nmeti. H\u00e9r \u00e1 landi er \u00f6ll orka 100% endurn\u00fdjanleg, vatni\u00f0 hreint og umhverfi\u00f0 eins og best ver\u00f0ur \u00e1 kosi\u00f0 til \u00feess a\u00f0 r\u00e6kta hreina, brag\u00f0g\u00f3\u00f0a og au\u00f0rekjanlega h\u00e1g\u00e6\u00f0av\u00f6ru \u00ed mikilli n\u00e1l\u00e6g\u00f0 vi\u00f0 neytendur.<\/p>\n<p class=\"p5\"><a href=\"http:\/\/vaxafarm.is\" target=\"_blank\" rel=\"noopener\">vaxafarm.is<\/a><\/p>\n<p class=\"p1\"><strong>ECOSP\u00cdRA<\/strong><\/p>\n<p class=\"p3\">Ecosp\u00edra er lei\u00f0andi \u00ed framlei\u00f0slu \u00e1 sp\u00edrum \u00far fr\u00e6jum, linsum, ertum og baunum. Engin kem\u00edsk efni, aukaefni e\u00f0a rotvarnarefni eru notu\u00f0 vi\u00f0 framlei\u00f0sluna, sem uppfyllir str\u00f6ngustu g\u00e6\u00f0akr\u00f6fur.<\/p>\n<p class=\"p3\">Ecosp\u00edra hefur hloti\u00f0 l\u00edfr\u00e6na vottun fr\u00e1 Vottunarstofunni T\u00fani. Me\u00f0 vottun T\u00fans er sta\u00f0fest a\u00f0 fyrirt\u00e6ki\u00f0 noti l\u00edfr\u00e6n og \u00f3erf\u00f0abreytt fr\u00e6 vi\u00f0 framlei\u00f0slu \u00e1 l\u00edfr\u00e6num sp\u00edrum og framlei\u00f0sluferli\u00f0 samr\u00e6mist reglum um l\u00edfr\u00e6na framlei\u00f0slu. Ennfremur er vottunin sta\u00f0festing \u00feess a\u00f0 g\u00e6\u00f0astj\u00f3rnun, skr\u00e1ningar og merkingar uppfylli settar kr\u00f6fur.<\/p>\n<p class=\"p4\">Stofnandi Ecosp\u00edru og eigandi er Katr\u00edn H. \u00c1rnad\u00f3ttir, vi\u00f0skipta- og umhverfisfr\u00e6\u00f0ingur.<\/p>\n<p class=\"p4\"><span class=\"s1\"><a href=\"https:\/\/ecospira.is\/\" target=\"_blank\" rel=\"noopener\">https:\/\/ecospira.is\/<\/a><\/span><\/p>\n<p class=\"p1\"><strong>FILIPPO BERIO<\/strong><\/p>\n<p class=\"p3\">Filippo Berio \u00f3l\u00edfuol\u00edurnar hafa l\u00f6ngum veri\u00f0 \u00feekktar fyrir g\u00e6\u00f0i og brag\u00f0, e\u00f0a allar g\u00f6tur s\u00ed\u00f0an 1867. Filippo Berio \u00f3l\u00edfuol\u00edurnar hafa unni\u00f0 til fj\u00f6lmargra ver\u00f0launa v\u00ed\u00f0s vegar um heim. H\u00fan er mest selda ol\u00edan \u00e1 \u00cdslandi og hefur veri\u00f0 \u00fea\u00f0 um \u00e1rabil. V\u00f6ruvali\u00f0 \u00ed Filippo Berio samanstendur af Extra Virgin \u00f3l\u00edfuol\u00edu, \u00f3l\u00edfuol\u00edu, brag\u00f0b\u00e6ttum \u00f3l\u00edfuol\u00edum, balsamic ediki og pest\u00f3. N\u00fdjast vi\u00f0b\u00f3tin er Extra Virgin \u00f3l\u00edfuol\u00eda fr\u00e1 Toskana, fram\u00farskarandi \u00ed g\u00e6\u00f0um og einungis framleidd \u00far \u00f3l\u00edfum sem r\u00e6kta\u00f0ar eru \u00ed Toskana h\u00e9ra\u00f0i.<\/p>\n<p class=\"p3\">\u00dea\u00f0 eru or\u00f0in meira en 150 \u00e1r fr\u00e1 \u00fev\u00ed a\u00f0 Filippo Berio, ma\u00f0urinn \u00e1 bak vi\u00f0 nafni\u00f0, h\u00f3f a\u00f0 framlei\u00f0a \u00f3l\u00edfuol\u00edu og n\u00e1\u00f0i meistarat\u00f6kum \u00e1 \u00f6llum stigum framlei\u00f0slunnar, notandi a\u00f0eins g\u00e6\u00f0a hr\u00e1efni.<\/p>\n<p class=\"p3\"><a href=\"https:\/\/innnes.is\/vorumerki\/filippo-berio\/\" target=\"_blank\" rel=\"noopener\">https:\/\/innnes.is\/vorumerki\/filippo-berio\/<\/a><\/p>\n<p class=\"p3\"><a href=\"https:\/\/global.filippoberio.com\/\" target=\"_blank\" rel=\"noopener\">https:\/\/global.filippoberio.com\/<\/a><\/p>\n<p class=\"p1\"><strong>RAPUNZEL<\/strong><\/p>\n<p class=\"p1\">Rapunzel framlei\u00f0ir l\u00edfr\u00e6nar v\u00f6rur af \u00e1st og umhyggju en sem frumkv\u00f6\u00f0lar \u00ed l\u00edfr\u00e6nni r\u00e6ktun ur\u00f0u stofnendur Rapunzel, Joseph Wilhelm og Jennifer Vermeulen, a\u00f0 beita miklum sannf\u00e6ringarkrafti. \u00cd dag er fyrirt\u00e6ki\u00f0 Rapunzel Naturkost GmbH eitt af lei\u00f0andi framlei\u00f0endum og heilds\u00f6lum me\u00f0 l\u00edfr\u00e6nt r\u00e6kta\u00f0ar v\u00f6rur.<\/p>\n<p class=\"p1\">Saga Rapunzel h\u00f3fst \u00e1ri\u00f0 1974 og s\u00ed\u00f0an \u00fe\u00e1 hefur fyrirt\u00e6ki\u00f0 vaxi\u00f0 fr\u00e1 \u00fev\u00ed a\u00f0 vera 35 m\u00b2 heilsub\u00fa\u00f0 me\u00f0 bakar\u00ed \u00fear sem baka\u00f0 var \u00ed vi\u00f0arkyntum ofni og l\u00edfr\u00e6nn matjurtagar\u00f0ur \u00ed Augsburg, \u00ed \u00fea\u00f0 a\u00f0 vera me\u00f0alst\u00f3rt fyrirt\u00e6ki me\u00f0 300 starfsmenn. \u00cd upphafi var a\u00f0alframlei\u00f0slan hef\u00f0bundnar heilsuv\u00f6rur eins og m\u00fasl\u00ed og hnetusmj\u00f6r en s\u00ed\u00f0ar b\u00e6ttust vi\u00f0 s\u00edfellt fleiri v\u00f6rur.<\/p>\n<p class=\"p1\">\u00cd dag er h\u00e6gt a\u00f0 finna meira en 450 Rapunzel v\u00f6rur \u00fat um allt \u00ed \u00de\u00fdskalandi \u00ed meira en 5.000 heilsub\u00fa\u00f0um og framlei\u00f0slufyrirt\u00e6kjum. N\u00e6stum \u00fev\u00ed helmingur framlei\u00f0slunnar fer fram \u00ed Legau\/Allg\u00e4u \u00ed \u00de\u00fdskalandi. Anna\u00f0 er framleitt af a\u00f0ilum sem eru samningsbundnir Rapunzel og nota n\u00e6r eing\u00f6ngu hr\u00e1efni fr\u00e1 \u00feeim. En \u00ed \u00f6llum tilfellum samkv\u00e6mt lei\u00f0beiningum og g\u00e6\u00f0akr\u00f6fum fr\u00e1 Rapunzel. Til a\u00f0 framlei\u00f0a svo brei\u00f0a v\u00f6rul\u00ednu, kaupir Rapunzel l\u00edfr\u00e6nt hr\u00e1efni fr\u00e1 36 l\u00f6ndum en Rapunzel v\u00f6rur eru fluttar \u00fat til n\u00e6stum \u00fev\u00ed jafn margra landa.<\/p>\n<p class=\"p1\">Rapunzel leggur s\u00e9rstaka \u00e1herslu ekki a\u00f0eins \u00e1 g\u00e6\u00f0i matarins heldur einnig \u00e1 l\u00edfsg\u00e6\u00f0i b\u00e6ndanna sem r\u00e6kta hann. \u00deess vegna var\u00f0 HAND IN HAND til, svo h\u00e6gt v\u00e6ri a\u00f0 tengja hugmyndina um l\u00edfr\u00e6na r\u00e6ktun vi\u00f0 hei\u00f0arleg vi\u00f0skipti.<\/p>\n<p class=\"p1\"><span class=\"s1\"><a href=\"https:\/\/innnes.is\/vorumerki\/rapunzel\/\" target=\"_blank\" rel=\"noopener\">https:\/\/innnes.is\/vorumerki\/rapunzel\/<\/a><\/span><\/p>\n<p class=\"p1\"><span class=\"s1\"><a href=\"https:\/\/www.rapunzel.de\/en\/\" target=\"_blank\" rel=\"noopener\">https:\/\/www.rapunzel.de\/en\/<\/a><\/span><\/p>\n<p class=\"p1\"><strong>TILDA<\/strong><\/p>\n<p class=\"p2\">Tilda hr\u00edsgrj\u00f3n hafa \u00e1 stuttum t\u00edma n\u00e1\u00f0 mikilli \u00fatbrei\u00f0slu, fyrirt\u00e6ki\u00f0 var stofna\u00f0 \u00e1ri\u00f0 1970 og er v\u00f6rumerki \u00feeirra selt \u00ed yfir 50 l\u00f6ndum. Tilda eru mest seldu hr\u00edsgrj\u00f3nin \u00e1 \u00cdslandi og hafa veri\u00f0 um \u00e1rabil. Stolt Tilda eru Basmati hr\u00edsgrj\u00f3nin en \u00feau hafa einstakt brag\u00f0, \u00e1fer\u00f0 og lykt enda framleidd a\u00f0eins \u00e1 einum sta\u00f0 \u00ed heiminum, \u00ed Punjab h\u00e9ra\u00f0i \u00e1 Indlandi.<\/p>\n<p class=\"p2\"><span class=\"s1\"><a href=\"https:\/\/innnes.is\/vorumerki\/tilda\/\" target=\"_blank\" rel=\"noopener\">https:\/\/innnes.is\/vorumerki\/tilda\/<\/a><\/span><\/p>\n<p class=\"p2\"><span class=\"s1\"><a href=\"https:\/\/www.tilda.com\/\" target=\"_blank\" rel=\"noopener\">https:\/\/www.tilda.com\/<\/a><\/span><\/p>\n<p><strong>GOOD GOOD<\/strong><\/p>\n<p>er \u00edslenskt fyrirt\u00e6ki sem \u00fer\u00f3ar og framlei\u00f0ir matv\u00f6ru \u00e1n sykurs og gervi-s\u00e6tuefna. V\u00f6rurnar eru \u00fer\u00f3a\u00f0ar og framleiddar \u00e1 \u00cdslandi, \u00ed Hollandi, Belg\u00edu og Austurr\u00edki. V\u00f6rur Good Good f\u00e1st n\u00fa \u00ed yfir 30 l\u00f6ndum og um \u00fea\u00f0 bil 2500 verslunum en v\u00f6xturinn hefur veri\u00f0 hra\u00f0astur \u00ed Bandar\u00edkjunum.<\/p>\n<p><a href=\"https:\/\/eu.goodgood.net\/pages\/about-us\" target=\"_blank\" rel=\"noopener\">https:\/\/eu.goodgood.net\/pages\/about-us<\/a><\/p>\n<p><strong>HAFI\u00d0<\/strong><\/p>\n<p>Hafi\u00f0 fiskverslun er lei\u00f0andi \u00e1 innanlandsmarka\u00f0i \u00ed s\u00f6lu \u00e1 ferskum fiski hvort sem er til neytenda, m\u00f6tuneyta, grunnsk\u00f3la e\u00f0a annarra fiskverslana. Verslunin var stofnu\u00f0 \u00e1ri\u00f0 2006 af \u00feeim Eyj\u00f3lfi P\u00e1lssyni og Halld\u00f3ri Halld\u00f3rssyni. Fyrst um sinn eing\u00f6ngu til h\u00fasa a\u00f0 Hl\u00ed\u00f0asm\u00e1ra 8 K\u00f3pavogi. \u00c1ri\u00f0 2013 opnu\u00f0u \u00feeir vinir anna\u00f0 \u00fatib\u00fa \u00ed Sp\u00f6nginni Grafarvogi. Heildverslun fyrirt\u00e6kisins, fiskvinnsla og skrifstofur eru sta\u00f0settar \u00e1 bryggjunni a\u00f0 Fornub\u00fa\u00f0um 1 \u00ed Hafnarfir\u00f0i.<\/p>\n<p><a href=\"https:\/\/hafid.is\/\">https:\/\/hafid.is\/<\/a><\/p>\n","protected":false},"excerpt":{"rendered":"<p>H\u00e9r er a\u00f0 finna uppl\u00fdsingar um velunnara. \u00deeir sem eru \u00e1hugasamir um samstarf geta sent t\u00f6lvup\u00f3st \u00e1 purelysigga@gmail.com KRYDDH\u00daSI\u00d0 Kryddh\u00fasi\u00f0 er fj\u00f6lskyldufyrirt\u00e6ki, stofna\u00f0 \u00e1ri\u00f0 2015 af hj\u00f3nunum \u00d3l\u00f6fu Einarsd\u00f3ttur og Omry Avraham. Omry er alinn upp vi\u00f0 r\u00edka kryddhef\u00f0 matarmenningu mi\u00f0austurlanda. Hann er fr\u00e1 \u00cdsrael og \u00e1 \u00e6ttir a\u00f0 rekja til Marokk\u00f3 og \u00cdraks. \u00d3l\u00f6f [&hellip;]<\/p>\n","protected":false},"author":1,"featured_media":0,"parent":0,"menu_order":0,"comment_status":"closed","ping_status":"closed","template":"","meta":{"footnotes":""},"class_list":["post-2388","page","type-page","status-publish","hentry"],"_links":{"self":[{"href":"https:\/\/purelysigga.com\/is\/wp-json\/wp\/v2\/pages\/2388","targetHints":{"allow":["GET"]}}],"collection":[{"href":"https:\/\/purelysigga.com\/is\/wp-json\/wp\/v2\/pages"}],"about":[{"href":"https:\/\/purelysigga.com\/is\/wp-json\/wp\/v2\/types\/page"}],"author":[{"embeddable":true,"href":"https:\/\/purelysigga.com\/is\/wp-json\/wp\/v2\/users\/1"}],"replies":[{"embeddable":true,"href":"https:\/\/purelysigga.com\/is\/wp-json\/wp\/v2\/comments?post=2388"}],"version-history":[{"count":5,"href":"https:\/\/purelysigga.com\/is\/wp-json\/wp\/v2\/pages\/2388\/revisions"}],"predecessor-version":[{"id":4793,"href":"https:\/\/purelysigga.com\/is\/wp-json\/wp\/v2\/pages\/2388\/revisions\/4793"}],"wp:attachment":[{"href":"https:\/\/purelysigga.com\/is\/wp-json\/wp\/v2\/media?parent=2388"}],"curies":[{"name":"wp","href":"https:\/\/api.w.org\/{rel}","templated":true}]}}